{"id":528,"date":"2023-11-16T23:18:10","date_gmt":"2023-11-16T23:18:10","guid":{"rendered":"https:\/\/fotos.kindervoneden.de\/?page_id=528"},"modified":"2024-10-28T19:13:59","modified_gmt":"2024-10-28T19:13:59","slug":"blickwinkel-magazin","status":"publish","type":"page","link":"https:\/\/fotos.kindervoneden.de\/?page_id=528","title":{"rendered":"Blickwinkel Magazin"},"content":{"rendered":"\n<p>Anfang 2023 hatte ich die Idee, ein kleines Fotomagazin \u00fcber K\u00f6ln zu machen und lokale Fotografen zu fragen, ob sie Teil des Magazins sein wollen. Nach einigen N\u00e4chten, in denen ich \u00fcber die Idee geschlafen habe, ist daraus ein etwas gr\u00f6\u00dferes Projekt geworden.<\/p>\n\n\n\n<p>Angesiedelt zwischen Bildband und Magazin, geht es darum, den Fotografien einen Raum zur Entfaltung zu geben. In jeder der viertelj\u00e4hrlich digital als PDF erscheinenden, kostenlosen Ausgaben steht ein bestimmtes Thema im Mittelpunkt, das von mehreren Fotografierenden auf ganz pers\u00f6nliche Weise in Szene gesetzt wird.<\/p>\n\n\n\n<p>Wenn auch du Fotos zu einem der Titelthemen oder ein eigenes Projekt vorstellen m\u00f6chtest, melde dich gerne. Blickwinkel ist ein Magazin zum Mitmachen.<\/p>\n\n\n\n<div class=\"wp-block-buttons is-layout-flex wp-block-buttons-is-layout-flex\">\n<div class=\"wp-block-button has-custom-font-size is-style-outline has-small-font-size\"><a class=\"wp-block-button__link wp-element-button\" href=\"https:\/\/blickwinkel-magazin.de\/\" style=\"border-radius:0px\" target=\"_blank\" rel=\"noreferrer noopener\">Zur Blickwinkel Website<\/a><\/div>\n<\/div>\n","protected":false},"excerpt":{"rendered":"<p>Anfang 2023 hatte ich die Idee, ein kleines Fotomagazin \u00fcber K\u00f6ln zu machen und lokale Fotografen zu fragen, ob sie Teil des Magazins sein wollen. Nach einigen N\u00e4chten, in denen ich \u00fcber die Idee geschlafen habe, ist daraus ein etwas gr\u00f6\u00dferes Projekt geworden. Angesiedelt zwischen Bildband und Magazin, geht es darum, den Fotografien einen Raum &#8230; <\/p>\n","protected":false},"author":1,"featured_media":916,"parent":0,"menu_order":0,"comment_status":"closed","ping_status":"closed","template":"","meta":{"footnotes":""},"_links":{"self":[{"href":"https:\/\/fotos.kindervoneden.de\/index.php?rest_route=\/wp\/v2\/pages\/528"}],"collection":[{"href":"https:\/\/fotos.kindervoneden.de\/index.php?rest_route=\/wp\/v2\/pages"}],"about":[{"href":"https:\/\/fotos.kindervoneden.de\/index.php?rest_route=\/wp\/v2\/types\/page"}],"author":[{"embeddable":true,"href":"https:\/\/fotos.kindervoneden.de\/index.php?rest_route=\/wp\/v2\/users\/1"}],"replies":[{"embeddable":true,"href":"https:\/\/fotos.kindervoneden.de\/index.php?rest_route=%2Fwp%2Fv2%2Fcomments&post=528"}],"version-history":[{"count":14,"href":"https:\/\/fotos.kindervoneden.de\/index.php?rest_route=\/wp\/v2\/pages\/528\/revisions"}],"predecessor-version":[{"id":735,"href":"https:\/\/fotos.kindervoneden.de\/index.php?rest_route=\/wp\/v2\/pages\/528\/revisions\/735"}],"wp:featuredmedia":[{"embeddable":true,"href":"https:\/\/fotos.kindervoneden.de\/index.php?rest_route=\/wp\/v2\/media\/916"}],"wp:attachment":[{"href":"https:\/\/fotos.kindervoneden.de\/index.php?rest_route=%2Fwp%2Fv2%2Fmedia&parent=528"}],"curies":[{"name":"wp","href":"https:\/\/api.w.org\/{rel}","templated":true}]}}